{"id":1426,"date":"2025-12-11T17:35:18","date_gmt":"2025-12-11T16:35:18","guid":{"rendered":"https:\/\/sylviacreation.fr\/index.php\/silverstorm\/"},"modified":"2026-04-02T16:46:55","modified_gmt":"2026-04-02T14:46:55","slug":"silverstorm","status":"publish","type":"page","link":"https:\/\/sylviacreation.fr\/","title":{"rendered":"Front Page"},"content":{"rendered":"\t\t<div data-elementor-type=\"wp-page\" data-elementor-id=\"1426\" class=\"elementor elementor-1426\">\n\t\t\t\t<div class=\"elementor-element elementor-element-9861e39 e-flex e-con-boxed e-con e-parent\" data-id=\"9861e39\" data-element_type=\"container\" data-e-type=\"container\">\n\t\t\t\t\t<div class=\"e-con-inner\">\n\t\t<div class=\"elementor-element elementor-element-cdfa7a1 e-con-full e-flex e-con e-child\" data-id=\"cdfa7a1\" data-element_type=\"container\" data-e-type=\"container\">\n\t\t\t\t<div class=\"elementor-element elementor-element-0018808 elementor-widget elementor-widget-heading\" data-id=\"0018808\" data-element_type=\"widget\" data-e-type=\"widget\" data-widget_type=\"heading.default\">\n\t\t\t\t<div class=\"elementor-widget-container\">\n\t\t\t\t\t<h2 class=\"elementor-heading-title elementor-size-default\">Un int\u00e9rieur qui vous ressemble<\/h2>\t\t\t\t<\/div>\n\t\t\t\t<\/div>\n\t\t\t\t<\/div>\n\t\t\t\t\t<\/div>\n\t\t\t\t<\/div>\n\t\t<div class=\"elementor-element elementor-element-d4ce0db e-flex e-con-boxed e-con e-parent\" data-id=\"d4ce0db\" data-element_type=\"container\" data-e-type=\"container\">\n\t\t\t\t\t<div class=\"e-con-inner\">\n\t\t\t\t<div class=\"elementor-element elementor-element-714970f elementor-widget elementor-widget-heading\" data-id=\"714970f\" data-element_type=\"widget\" data-e-type=\"widget\" data-widget_type=\"heading.default\">\n\t\t\t\t<div class=\"elementor-widget-container\">\n\t\t\t\t\t<h1 class=\"elementor-heading-title elementor-size-default\">Avec les artisans nous fa\u00e7onnons des lieux de vie ou de travail uniques, tant sur le plan esth\u00e9tique que pratique. \n\nA l\u2019\u00e9coute et inventive, je tisse des projets au fil des \u00e9changes pour concevoir des ambiances qui vous ressemblent et dans lesquelles, jour apr\u00e8s jour, vous vous sentez bien.<br><br>Particuliers ou professionnels toute l'\u00e9quipe de Sylvia Cr\u00e9ation est \u00e0 votre \u00e9coute pour mener \u00e0 bien votre projet d'am\u00e9nagement d'int\u00e9rieur.\n\n\nBas\u00e9 entre Chamb\u00e9ry et Aix-les-bains, nous nous d\u00e9pla\u00e7ons sur toute la Savoie, la Haute Savoie, l'Is\u00e8re et Paris et sa r\u00e9gion.<\/h1>\t\t\t\t<\/div>\n\t\t\t\t<\/div>\n\t\t\t\t\t<\/div>\n\t\t\t\t<\/div>\n\t\t<div class=\"elementor-element elementor-element-67cb35c e-flex e-con-boxed e-con e-parent\" data-id=\"67cb35c\" data-element_type=\"container\" data-e-type=\"container\">\n\t\t\t\t\t<div class=\"e-con-inner\">\n\t\t\t\t<div class=\"elementor-element elementor-element-5fe144d elementor-widget elementor-widget-image\" data-id=\"5fe144d\" data-element_type=\"widget\" data-e-type=\"widget\" data-widget_type=\"image.default\">\n\t\t\t\t<div class=\"elementor-widget-container\">\n\t\t\t\t\t\t\t\t\t\t\t\t\t\t\t<img fetchpriority=\"high\" decoding=\"async\" width=\"768\" height=\"1024\" src=\"https:\/\/sylviacreation.fr\/wp-content\/uploads\/2025\/12\/Sylvia-Creation-decoratrice-dinterieur-Chambery-Aix-les-bains-Annecy-Barberaz-La-motte-Servolex-architecte-dinterieur-73-Modane-Saint-Jean-de-maurienne-Jarrier-Decoration-dinterieur-768x1024.jpg\" class=\"attachment-large size-large wp-image-1580\" alt=\"\" srcset=\"https:\/\/sylviacreation.fr\/wp-content\/uploads\/2025\/12\/Sylvia-Creation-decoratrice-dinterieur-Chambery-Aix-les-bains-Annecy-Barberaz-La-motte-Servolex-architecte-dinterieur-73-Modane-Saint-Jean-de-maurienne-Jarrier-Decoration-dinterieur-768x1024.jpg 768w, https:\/\/sylviacreation.fr\/wp-content\/uploads\/2025\/12\/Sylvia-Creation-decoratrice-dinterieur-Chambery-Aix-les-bains-Annecy-Barberaz-La-motte-Servolex-architecte-dinterieur-73-Modane-Saint-Jean-de-maurienne-Jarrier-Decoration-dinterieur-225x300.jpg 225w, https:\/\/sylviacreation.fr\/wp-content\/uploads\/2025\/12\/Sylvia-Creation-decoratrice-dinterieur-Chambery-Aix-les-bains-Annecy-Barberaz-La-motte-Servolex-architecte-dinterieur-73-Modane-Saint-Jean-de-maurienne-Jarrier-Decoration-dinterieur-1152x1536.jpg 1152w, https:\/\/sylviacreation.fr\/wp-content\/uploads\/2025\/12\/Sylvia-Creation-decoratrice-dinterieur-Chambery-Aix-les-bains-Annecy-Barberaz-La-motte-Servolex-architecte-dinterieur-73-Modane-Saint-Jean-de-maurienne-Jarrier-Decoration-dinterieur-1536x2048.jpg 1536w, https:\/\/sylviacreation.fr\/wp-content\/uploads\/2025\/12\/Sylvia-Creation-decoratrice-dinterieur-Chambery-Aix-les-bains-Annecy-Barberaz-La-motte-Servolex-architecte-dinterieur-73-Modane-Saint-Jean-de-maurienne-Jarrier-Decoration-dinterieur-810x1080.jpg 810w, https:\/\/sylviacreation.fr\/wp-content\/uploads\/2025\/12\/Sylvia-Creation-decoratrice-dinterieur-Chambery-Aix-les-bains-Annecy-Barberaz-La-motte-Servolex-architecte-dinterieur-73-Modane-Saint-Jean-de-maurienne-Jarrier-Decoration-dinterieur-scaled.jpg 1920w\" sizes=\"(max-width: 768px) 100vw, 768px\" \/>\t\t\t\t\t\t\t\t\t\t\t\t\t\t\t<\/div>\n\t\t\t\t<\/div>\n\t\t\t\t\t<\/div>\n\t\t\t\t<\/div>\n\t\t<div class=\"elementor-element elementor-element-4725e6e e-flex e-con-boxed e-con e-parent\" data-id=\"4725e6e\" data-element_type=\"container\" data-e-type=\"container\">\n\t\t\t\t\t<div class=\"e-con-inner\">\n\t\t\t\t<div class=\"elementor-element elementor-element-f893c54 elementor-widget elementor-widget-heading\" data-id=\"f893c54\" data-element_type=\"widget\" data-e-type=\"widget\" data-widget_type=\"heading.default\">\n\t\t\t\t<div class=\"elementor-widget-container\">\n\t\t\t\t\t<h1 class=\"elementor-heading-title elementor-size-default\">Vous avez un projet de r\u00e9novation ou de d\u00e9coration nous sommes \u00e0 votre \u00e9coute<\/h1>\t\t\t\t<\/div>\n\t\t\t\t<\/div>\n\t\t\t\t\t<\/div>\n\t\t\t\t<\/div>\n\t\t<div class=\"elementor-element elementor-element-7ec4abf e-flex e-con-boxed e-con e-parent\" data-id=\"7ec4abf\" data-element_type=\"container\" data-e-type=\"container\">\n\t\t\t\t\t<div class=\"e-con-inner\">\n\t\t\t\t<div class=\"elementor-element elementor-element-6c998a9 elementor-widget elementor-widget-heading\" data-id=\"6c998a9\" data-element_type=\"widget\" data-e-type=\"widget\" data-widget_type=\"heading.default\">\n\t\t\t\t<div class=\"elementor-widget-container\">\n\t\t\t\t\t<h2 class=\"elementor-heading-title elementor-size-default\">07 82 40 67 65<\/h2>\t\t\t\t<\/div>\n\t\t\t\t<\/div>\n\t\t\t\t\t<\/div>\n\t\t\t\t<\/div>\n\t\t<div class=\"elementor-element elementor-element-fe57132 e-flex e-con-boxed e-con e-parent\" data-id=\"fe57132\" data-element_type=\"container\" data-e-type=\"container\">\n\t\t\t\t\t<div class=\"e-con-inner\">\n\t\t\t\t<div class=\"elementor-element elementor-element-24d2cef elementor-widget elementor-widget-heading\" data-id=\"24d2cef\" data-element_type=\"widget\" data-e-type=\"widget\" data-widget_type=\"heading.default\">\n\t\t\t\t<div class=\"elementor-widget-container\">\n\t\t\t\t\t<h1 class=\"elementor-heading-title elementor-size-default\">Sylvia.ravaux@gmail.com<\/h1>\t\t\t\t<\/div>\n\t\t\t\t<\/div>\n\t\t\t\t\t<\/div>\n\t\t\t\t<\/div>\n\t\t<div class=\"elementor-element elementor-element-0aef38a e-flex e-con-boxed e-con e-parent\" data-id=\"0aef38a\" data-element_type=\"container\" data-e-type=\"container\">\n\t\t\t\t\t<div class=\"e-con-inner\">\n\t\t\t\t<div class=\"elementor-element elementor-element-b39e1ea elementor-widget elementor-widget-image\" data-id=\"b39e1ea\" data-element_type=\"widget\" data-e-type=\"widget\" data-widget_type=\"image.default\">\n\t\t\t\t<div class=\"elementor-widget-container\">\n\t\t\t\t\t\t\t\t\t\t\t\t\t\t\t<img decoding=\"async\" width=\"700\" height=\"700\" src=\"https:\/\/sylviacreation.fr\/wp-content\/uploads\/2023\/11\/Logo-700x700-1.png\" class=\"attachment-large size-large wp-image-888\" alt=\"\" srcset=\"https:\/\/sylviacreation.fr\/wp-content\/uploads\/2023\/11\/Logo-700x700-1.png 700w, https:\/\/sylviacreation.fr\/wp-content\/uploads\/2023\/11\/Logo-700x700-1-300x300.png 300w, https:\/\/sylviacreation.fr\/wp-content\/uploads\/2023\/11\/Logo-700x700-1-150x150.png 150w\" sizes=\"(max-width: 700px) 100vw, 700px\" \/>\t\t\t\t\t\t\t\t\t\t\t\t\t\t\t<\/div>\n\t\t\t\t<\/div>\n\t\t\t\t\t<\/div>\n\t\t\t\t<\/div>\n\t\t<div class=\"elementor-element elementor-element-3b20cba e-flex e-con-boxed e-con e-parent\" data-id=\"3b20cba\" data-element_type=\"container\" data-e-type=\"container\">\n\t\t\t\t\t<div class=\"e-con-inner\">\n\t\t\t\t<div class=\"elementor-element elementor-element-14d171a elementor-widget elementor-widget-heading\" data-id=\"14d171a\" data-element_type=\"widget\" data-e-type=\"widget\" data-widget_type=\"heading.default\">\n\t\t\t\t<div class=\"elementor-widget-container\">\n\t\t\t\t\t<h1 class=\"elementor-heading-title elementor-size-default\">Je vous retrouve le samedi matin pour parler d\u00e9coration d'int\u00e9rieur sur la radio Ici Pays de Savoie<\/h1>\t\t\t\t<\/div>\n\t\t\t\t<\/div>\n\t\t\t\t\t<\/div>\n\t\t\t\t<\/div>\n\t\t<div class=\"elementor-element elementor-element-0e88c8a e-flex e-con-boxed e-con e-parent\" data-id=\"0e88c8a\" data-element_type=\"container\" data-e-type=\"container\">\n\t\t\t\t\t<div class=\"e-con-inner\">\n\t\t\t\t<div class=\"elementor-element elementor-element-77778d1 elementor-widget elementor-widget-heading\" data-id=\"77778d1\" data-element_type=\"widget\" data-e-type=\"widget\" data-widget_type=\"heading.default\">\n\t\t\t\t<div class=\"elementor-widget-container\">\n\t\t\t\t\t<h5 class=\"elementor-heading-title elementor-size-default\">Emission du 24 janvier 2026<\/h5>\t\t\t\t<\/div>\n\t\t\t\t<\/div>\n\t\t\t\t\t<\/div>\n\t\t\t\t<\/div>\n\t\t<div class=\"elementor-element elementor-element-f5755cf e-flex e-con-boxed e-con e-parent\" data-id=\"f5755cf\" data-element_type=\"container\" data-e-type=\"container\">\n\t\t\t\t\t<div class=\"e-con-inner\">\n\t\t\t\t<div class=\"elementor-element elementor-element-728e805 elementor-widget elementor-widget-heading\" data-id=\"728e805\" data-element_type=\"widget\" data-e-type=\"widget\" data-widget_type=\"heading.default\">\n\t\t\t\t<div class=\"elementor-widget-container\">\n\t\t\t\t\t<h1 class=\"elementor-heading-title elementor-size-default\">Les panoramiques <\/h1>\t\t\t\t<\/div>\n\t\t\t\t<\/div>\n\t\t\t\t\t<\/div>\n\t\t\t\t<\/div>\n\t\t<div class=\"elementor-element elementor-element-ead77b3 e-flex e-con-boxed e-con e-parent\" data-id=\"ead77b3\" data-element_type=\"container\" data-e-type=\"container\">\n\t\t\t\t\t<div class=\"e-con-inner\">\n\t\t\t\t<div class=\"elementor-element elementor-element-b5af248 elementor-widget elementor-widget-heading\" data-id=\"b5af248\" data-element_type=\"widget\" data-e-type=\"widget\" data-widget_type=\"heading.default\">\n\t\t\t\t<div class=\"elementor-widget-container\">\n\t\t\t\t\t<h5 class=\"elementor-heading-title elementor-size-default\"><a href=\"https:\/\/www.francebleu.fr\/emissions\/bienvenue-chez-vous-ici-pays-de-savoie\/les-papiers-peints-panoramiques-avec-sylvia-ravaux-decoratrice-4285790\" target=\"_blank\">https:\/\/www.francebleu.fr\/emissions\/bienvenue-chez-vous-ici-pays-de-savoie\/les-papiers-peints-panoramiques-avec-sylvia-ravaux-decoratrice-4285790<\/a><\/h5>\t\t\t\t<\/div>\n\t\t\t\t<\/div>\n\t\t\t\t<div class=\"elementor-element elementor-element-dafc02e elementor-widget-divider--view-line elementor-widget elementor-widget-divider\" data-id=\"dafc02e\" data-element_type=\"widget\" data-e-type=\"widget\" data-widget_type=\"divider.default\">\n\t\t\t\t<div class=\"elementor-widget-container\">\n\t\t\t\t\t\t\t<div class=\"elementor-divider\">\n\t\t\t<span class=\"elementor-divider-separator\">\n\t\t\t\t\t\t<\/span>\n\t\t<\/div>\n\t\t\t\t\t\t<\/div>\n\t\t\t\t<\/div>\n\t\t\t\t\t<\/div>\n\t\t\t\t<\/div>\n\t\t<div class=\"elementor-element elementor-element-4d48cfd e-flex e-con-boxed e-con e-parent\" data-id=\"4d48cfd\" data-element_type=\"container\" data-e-type=\"container\">\n\t\t\t\t\t<div class=\"e-con-inner\">\n\t\t\t\t<div class=\"elementor-element elementor-element-884e02b elementor-widget elementor-widget-heading\" data-id=\"884e02b\" data-element_type=\"widget\" data-e-type=\"widget\" data-widget_type=\"heading.default\">\n\t\t\t\t<div class=\"elementor-widget-container\">\n\t\t\t\t\t<h5 class=\"elementor-heading-title elementor-size-default\">Emission du 6 d\u00e9cembre 2025<\/h5>\t\t\t\t<\/div>\n\t\t\t\t<\/div>\n\t\t\t\t\t<\/div>\n\t\t\t\t<\/div>\n\t\t<div class=\"elementor-element elementor-element-5d1bdcb e-flex e-con-boxed e-con e-parent\" data-id=\"5d1bdcb\" data-element_type=\"container\" data-e-type=\"container\">\n\t\t\t\t\t<div class=\"e-con-inner\">\n\t\t\t\t<div class=\"elementor-element elementor-element-0d17804 elementor-widget elementor-widget-heading\" data-id=\"0d17804\" data-element_type=\"widget\" data-e-type=\"widget\" data-widget_type=\"heading.default\">\n\t\t\t\t<div class=\"elementor-widget-container\">\n\t\t\t\t\t<h1 class=\"elementor-heading-title elementor-size-default\">Et si votre plus belle d\u00e9co de No\u00ebl venait de la for\u00eat et de vos placards ? Les astuces de Sylvia Ravaux  Sylvia cr\u00e9ation d'int\u00e9rieur<\/h1>\t\t\t\t<\/div>\n\t\t\t\t<\/div>\n\t\t\t\t\t<\/div>\n\t\t\t\t<\/div>\n\t\t<div class=\"elementor-element elementor-element-de4a369 e-flex e-con-boxed e-con e-parent\" data-id=\"de4a369\" data-element_type=\"container\" data-e-type=\"container\">\n\t\t\t\t\t<div class=\"e-con-inner\">\n\t\t\t\t<div class=\"elementor-element elementor-element-7bdfbf1 elementor-widget elementor-widget-heading\" data-id=\"7bdfbf1\" data-element_type=\"widget\" data-e-type=\"widget\" data-widget_type=\"heading.default\">\n\t\t\t\t<div class=\"elementor-widget-container\">\n\t\t\t\t\t<h5 class=\"elementor-heading-title elementor-size-default\"><a href=\"https:\/\/www.francebleu.fr\/emissions\/bienvenue-chez-vous-ici-pays-de-savoie\/la-deco-de-la-maison-a-noel-interieur-tables-de-fetes-avec-sylvia-ravaux-decoratrice-d-interieur-2464534\" target=\"_blank\">https:\/\/www.francebleu.fr\/emissions\/bienvenue-chez-vous-ici-pays-de-savoie\/la-deco-de-la-maison-a-noel-interieur-tables-de-fetes-avec-sylvia-ravaux-decoratrice-d-interieur-2464534<\/a><\/h5>\t\t\t\t<\/div>\n\t\t\t\t<\/div>\n\t\t\t\t<div class=\"elementor-element elementor-element-4b5a922 elementor-widget-divider--view-line elementor-widget elementor-widget-divider\" data-id=\"4b5a922\" data-element_type=\"widget\" data-e-type=\"widget\" data-widget_type=\"divider.default\">\n\t\t\t\t<div class=\"elementor-widget-container\">\n\t\t\t\t\t\t\t<div class=\"elementor-divider\">\n\t\t\t<span class=\"elementor-divider-separator\">\n\t\t\t\t\t\t<\/span>\n\t\t<\/div>\n\t\t\t\t\t\t<\/div>\n\t\t\t\t<\/div>\n\t\t\t\t\t<\/div>\n\t\t\t\t<\/div>\n\t\t<div class=\"elementor-element elementor-element-2ef2d71 e-flex e-con-boxed e-con e-parent\" data-id=\"2ef2d71\" data-element_type=\"container\" data-e-type=\"container\">\n\t\t\t\t\t<div class=\"e-con-inner\">\n\t\t\t\t<div class=\"elementor-element elementor-element-c27d95e elementor-widget elementor-widget-heading\" data-id=\"c27d95e\" data-element_type=\"widget\" data-e-type=\"widget\" data-widget_type=\"heading.default\">\n\t\t\t\t<div class=\"elementor-widget-container\">\n\t\t\t\t\t<h5 class=\"elementor-heading-title elementor-size-default\">Emission du 11 octobre 2025<\/h5>\t\t\t\t<\/div>\n\t\t\t\t<\/div>\n\t\t\t\t\t<\/div>\n\t\t\t\t<\/div>\n\t\t<div class=\"elementor-element elementor-element-025bf53 e-flex e-con-boxed e-con e-parent\" data-id=\"025bf53\" data-element_type=\"container\" data-e-type=\"container\">\n\t\t\t\t\t<div class=\"e-con-inner\">\n\t\t\t\t<div class=\"elementor-element elementor-element-eb4d84d elementor-widget elementor-widget-heading\" data-id=\"eb4d84d\" data-element_type=\"widget\" data-e-type=\"widget\" data-widget_type=\"heading.default\">\n\t\t\t\t<div class=\"elementor-widget-container\">\n\t\t\t\t\t<h1 class=\"elementor-heading-title elementor-size-default\">Comment choisir ses lumi\u00e8res et luminaires ? avec Sylvia Ravaux d\u00e9coratrice d'int\u00e9rieur !\nReplay ICI Pays de Savoie<\/h1>\t\t\t\t<\/div>\n\t\t\t\t<\/div>\n\t\t\t\t\t<\/div>\n\t\t\t\t<\/div>\n\t\t<div class=\"elementor-element elementor-element-9255b67 e-flex e-con-boxed e-con e-parent\" data-id=\"9255b67\" data-element_type=\"container\" data-e-type=\"container\">\n\t\t\t\t\t<div class=\"e-con-inner\">\n\t\t\t\t<div class=\"elementor-element elementor-element-c8dde98 elementor-widget elementor-widget-heading\" data-id=\"c8dde98\" data-element_type=\"widget\" data-e-type=\"widget\" data-widget_type=\"heading.default\">\n\t\t\t\t<div class=\"elementor-widget-container\">\n\t\t\t\t\t<h5 class=\"elementor-heading-title elementor-size-default\"><a href=\"https:\/\/www.francebleu.fr\/emissions\/bienvenue-chez-vous-ici-pays-de-savoie\/comment-eclairer-nos-interieurs-et-choisir-les-luminaires-sylvia-ravaux-decoratrice-d-interieur-4627444\" target=\"_blank\">https:\/\/www.francebleu.fr\/emissions\/bienvenue-chez-vous-ici-pays-de-savoie\/comment-eclairer-nos-interieurs-et-choisir-les-luminaires-sylvia-ravaux-decoratrice-d-interieur-4627444<\/a><\/h5>\t\t\t\t<\/div>\n\t\t\t\t<\/div>\n\t\t\t\t<div class=\"elementor-element elementor-element-72c64d6 elementor-widget-divider--view-line elementor-widget elementor-widget-divider\" data-id=\"72c64d6\" data-element_type=\"widget\" data-e-type=\"widget\" data-widget_type=\"divider.default\">\n\t\t\t\t<div class=\"elementor-widget-container\">\n\t\t\t\t\t\t\t<div class=\"elementor-divider\">\n\t\t\t<span class=\"elementor-divider-separator\">\n\t\t\t\t\t\t<\/span>\n\t\t<\/div>\n\t\t\t\t\t\t<\/div>\n\t\t\t\t<\/div>\n\t\t\t\t\t<\/div>\n\t\t\t\t<\/div>\n\t\t<div class=\"elementor-element elementor-element-67483e2 e-flex e-con-boxed e-con e-parent\" data-id=\"67483e2\" data-element_type=\"container\" data-e-type=\"container\">\n\t\t\t\t\t<div class=\"e-con-inner\">\n\t\t\t\t<div class=\"elementor-element elementor-element-b15f5ef elementor-widget elementor-widget-heading\" data-id=\"b15f5ef\" data-element_type=\"widget\" data-e-type=\"widget\" data-widget_type=\"heading.default\">\n\t\t\t\t<div class=\"elementor-widget-container\">\n\t\t\t\t\t<h5 class=\"elementor-heading-title elementor-size-default\">Emission du 31 ao\u00fbt 2025<\/h5>\t\t\t\t<\/div>\n\t\t\t\t<\/div>\n\t\t\t\t\t<\/div>\n\t\t\t\t<\/div>\n\t\t<div class=\"elementor-element elementor-element-bb0719d e-flex e-con-boxed e-con e-parent\" data-id=\"bb0719d\" data-element_type=\"container\" data-e-type=\"container\">\n\t\t\t\t\t<div class=\"e-con-inner\">\n\t\t\t\t<div class=\"elementor-element elementor-element-e8faaca elementor-widget elementor-widget-heading\" data-id=\"e8faaca\" data-element_type=\"widget\" data-e-type=\"widget\" data-widget_type=\"heading.default\">\n\t\t\t\t<div class=\"elementor-widget-container\">\n\t\t\t\t\t<h1 class=\"elementor-heading-title elementor-size-default\"><a href=\"https:\/\/www.francebleu.fr\/emissions\/bienvenue-chez-vous-ici-pays-de-savoie\/amenager-un-coin-bureau-dans-une-piece-de-la-maison-chambre-enfant-teletravail-sylvia-ravaux-decoratrice-d-interieur-2059740?fbclid=IwY2xjawP5fPtleHRuA2FlbQIxMABzcnRjBmFwcF9pZBAyMjIwMzkxNzg4MjAwODkyAAEemx5WNOESRmb0XG-bfZaid1eJ3VPxyS8NhAPH_OLt8tbsxOY6h6BpjZm1Ot4_aem_-nFWFDquRpPMz1_CdT3AgA\">Sylvia Ravaux d\u00e9coratrice d\u2019int\u00e9rieur vous donne tous les conseils pour am\u00e9nager un coin bureau <\/a><\/h1>\t\t\t\t<\/div>\n\t\t\t\t<\/div>\n\t\t\t\t\t<\/div>\n\t\t\t\t<\/div>\n\t\t<div class=\"elementor-element elementor-element-081382d e-flex e-con-boxed e-con e-parent\" data-id=\"081382d\" data-element_type=\"container\" data-e-type=\"container\">\n\t\t\t\t\t<div class=\"e-con-inner\">\n\t\t\t\t<div class=\"elementor-element elementor-element-dd5c2b8 elementor-widget elementor-widget-heading\" data-id=\"dd5c2b8\" data-element_type=\"widget\" data-e-type=\"widget\" data-widget_type=\"heading.default\">\n\t\t\t\t<div class=\"elementor-widget-container\">\n\t\t\t\t\t<h5 class=\"elementor-heading-title elementor-size-default\"><a href=\"https:\/\/www.francebleu.fr\/emissions\/bienvenue-chez-vous-ici-pays-de-savoie\/amenager-un-coin-bureau-dans-une-piece-de-la-maison-chambre-enfant-teletravail-sylvia-ravaux-decoratrice-d-interieur-2059740?fbclid=IwY2xjawP5fPtleHRuA2FlbQIxMABzcnRjBmFwcF9pZBAyMjIwMzkxNzg4MjAwODkyAAEemx5WNOESRmb0XG-bfZaid1eJ3VPxyS8NhAPH_OLt8tbsxOY6h6BpjZm1Ot4_aem_-nFWFDquRpPMz1_CdT3AgA\" target=\"_blank\">https:\/\/www.francebleu.fr\/emissions\/bienvenue-chez-vous-ici-pays-de-savoie\/amenager-un-coin-bureau-dans-une-piece-de-la-maison-chambre-enfant-teletravail-sylvia-ravaux-decoratrice-d-interieur-2059740?fbclid=IwY2xjawP5fPtleHRuA2FlbQIxMABzcnRjBmFwcF9pZBAyMjIwMzkxNzg4MjAwODkyAAEemx5WNOESRmb0XG-bfZaid1eJ3VPxyS8NhAPH_OLt8tbsxOY6h6BpjZm1Ot4_aem_-nFWFDquRpPMz1_CdT3AgA<\/a><\/h5>\t\t\t\t<\/div>\n\t\t\t\t<\/div>\n\t\t\t\t<div class=\"elementor-element elementor-element-add5d02 elementor-widget-divider--view-line elementor-widget elementor-widget-divider\" data-id=\"add5d02\" data-element_type=\"widget\" data-e-type=\"widget\" data-widget_type=\"divider.default\">\n\t\t\t\t<div class=\"elementor-widget-container\">\n\t\t\t\t\t\t\t<div class=\"elementor-divider\">\n\t\t\t<span class=\"elementor-divider-separator\">\n\t\t\t\t\t\t<\/span>\n\t\t<\/div>\n\t\t\t\t\t\t<\/div>\n\t\t\t\t<\/div>\n\t\t\t\t\t<\/div>\n\t\t\t\t<\/div>\n\t\t<div class=\"elementor-element elementor-element-47e6f69 e-flex e-con-boxed e-con e-parent\" data-id=\"47e6f69\" data-element_type=\"container\" data-e-type=\"container\">\n\t\t\t\t\t<div class=\"e-con-inner\">\n\t\t\t\t<div class=\"elementor-element elementor-element-cb9320c elementor-widget elementor-widget-heading\" data-id=\"cb9320c\" data-element_type=\"widget\" data-e-type=\"widget\" data-widget_type=\"heading.default\">\n\t\t\t\t<div class=\"elementor-widget-container\">\n\t\t\t\t\t<h2 class=\"elementor-heading-title elementor-size-default\"><a href=\"https:\/\/www.facebook.com\/serge.assiettesavoyarde?locale=fr_FR\" target=\"_blank\">Radio Ici Pays de Savoie<\/a><\/h2>\t\t\t\t<\/div>\n\t\t\t\t<\/div>\n\t\t\t\t\t<\/div>\n\t\t\t\t<\/div>\n\t\t\t\t<\/div>\n\t\t","protected":false},"excerpt":{"rendered":"<p>Un int\u00e9rieur qui vous ressemble Avec les artisans nous fa\u00e7onnons des lieux de [&hellip;]<\/p>\n","protected":false},"author":1,"featured_media":0,"parent":0,"menu_order":0,"comment_status":"closed","ping_status":"closed","template":"page-templates\/homepage.php","meta":{"saved_in_kubio":false,"footnotes":""},"class_list":["post-1426","page","type-page","status-publish","hentry"],"kubio_ai_page_context":{"short_desc":"","purpose":"general"},"_links":{"self":[{"href":"https:\/\/sylviacreation.fr\/index.php\/wp-json\/wp\/v2\/pages\/1426","targetHints":{"allow":["GET"]}}],"collection":[{"href":"https:\/\/sylviacreation.fr\/index.php\/wp-json\/wp\/v2\/pages"}],"about":[{"href":"https:\/\/sylviacreation.fr\/index.php\/wp-json\/wp\/v2\/types\/page"}],"author":[{"embeddable":true,"href":"https:\/\/sylviacreation.fr\/index.php\/wp-json\/wp\/v2\/users\/1"}],"replies":[{"embeddable":true,"href":"https:\/\/sylviacreation.fr\/index.php\/wp-json\/wp\/v2\/comments?post=1426"}],"version-history":[{"count":54,"href":"https:\/\/sylviacreation.fr\/index.php\/wp-json\/wp\/v2\/pages\/1426\/revisions"}],"predecessor-version":[{"id":1794,"href":"https:\/\/sylviacreation.fr\/index.php\/wp-json\/wp\/v2\/pages\/1426\/revisions\/1794"}],"wp:attachment":[{"href":"https:\/\/sylviacreation.fr\/index.php\/wp-json\/wp\/v2\/media?parent=1426"}],"curies":[{"name":"wp","href":"https:\/\/api.w.org\/{rel}","templated":true}]}}